{"id":143,"date":"2024-03-06T20:23:45","date_gmt":"2024-03-06T19:23:45","guid":{"rendered":"https:\/\/schwarzwaldverein-bonndorf.de\/?page_id=143"},"modified":"2026-03-17T20:07:04","modified_gmt":"2026-03-17T19:07:04","slug":"aktuelles","status":"publish","type":"page","link":"https:\/\/schwarzwaldverein-bonndorf.de\/?page_id=143","title":{"rendered":"Wanderplan"},"content":{"rendered":"\n<figure class=\"wp-block-table alignwide\"><table><thead><tr><th>Wann?<\/th><th>Wo?<\/th><th>Wanderf\u00fchrer<\/th><th>Treffpunkt<\/th><\/tr><\/thead><tbody><tr><td>08.03.26<\/td><td><strong>Saisoner\u00f6ffnung mit M\u00e4rzenbechertour in die Wutachfl\u00fchen<\/strong><br>Fr\u00fchlingserwachen und Geschichten in den Fl\u00fchen<br>7,5km, 150Hm, ca. 3 Std.<\/td><td>Notburga Rosenstiel 01627727656<\/td><td>13:00 Uhr \/ Rathaus Bonndorf PKW<\/td><\/tr><tr><td>15.03.2026<\/td><td><strong>Wo die Kuhschellen bl\u00fchen<\/strong><br>Fr\u00fchlingsspaziergang bei Bettmaringen<br>7km, 100HM, ca. 2 Std.<\/td><td>Martin Schwenninger 015203568275<\/td><td>14:00 Uhr Rathaus Bonndorf<\/td><\/tr><tr><td>22.03.2026<\/td><td><strong>Fr\u00fchlingswanderung am Bodensee<\/strong><br>gemeinsam mit Alpenverein Bonndorf<br>Anfahrt nach Sipplingen: Aufstieg \u00fcber die Burghalde &#8211; Churfirsten &#8211; H\u00f6dinger Tobel &#8211; Zimmerwiese &#8211; Haldenhof &#8211; Ro\u00dfhimmel und zur\u00fcck<br>Wandern T1, 14km, 510 Hm auf und ab, 5 Std.<\/td><td>Petra Pfeiffer 07703-512<br>Regina Rohr 07746-2648<\/td><td>08:00 Uhr \/ Rathaus Bonndorf PKW<\/td><\/tr><tr><td>28.03.26<\/td><td><strong>Wutachschluchtputzete<\/strong> und Wegeunterhaltung in der Wutachschlucht<\/td><td><br>Martin Selz 07703-920064<\/td><td>09:00 Uhr \/ Rathaus Bonndorf PKW<\/td><\/tr><tr><td>04.04.26<\/td><td><strong>Ostereiersuche bei den Roggenbacher Schl\u00f6ssern<\/strong><br>f\u00fcr Jung und Alt<br>Anmeldung bis 28.03.26 bei Corinna Filia<\/td><td>Corinna Filia 07703-919089<br>corinnafilia@web.de<\/td><td>14:00 Uhr Wanderparkplatz<br>Roggenbacher Schl\u00f6sser<\/td><\/tr><tr><td>14.04.2026<\/td><td><strong>Morgenspaziergang mit allen Sinnen bei Bettmaringen<\/strong><br>&#8222;Die linden L\u00fcfte sind erwacht&#8220;<br>2 &#8211; 2,5 Std, Anmeldung erforderlich<\/td><td>Veronika Keller 0771-7969<\/td><td>09:00 Uhr Sportplatz Bettmaringen<\/td><\/tr><tr><td>03.05.2026<\/td><td><strong>Unterwegs auf dem Dachsberg<\/strong><br>gemeinsam mit dem OV St\u00fchlingen<br>ca. 4,5Std. 15km<\/td><td>Veronika Keller 0771-7969<\/td><td>9:15 Uhr Rathaus Bonndorf<\/td><\/tr><tr><td>12.05.2026<\/td><td><strong>Morgenspaziergang mit allen Sinnen bei Bonndorf<\/strong><br>&#8222;Fr\u00fchling l\u00e4sst sein blaues Band&#8220;<br>2 &#8211; 2,5 Std, Anmeldung erforderlich<\/td><td>Veronika Keller 0771-7969<\/td><td>09:00 Uhr Parkplatz an der Bahnbr\u00fccke<\/td><\/tr><tr><td>17.05.2026<\/td><td><strong>Einmal um den Schluchsee<\/strong><br>18km, 100Hm, 5 Std.<\/td><td>Klaus Fr\u00f6hlich 07703-7068<\/td><td>10:00 Uhr \/ Rathaus Bonndorf PKW<\/td><\/tr><tr><td>21.05.2026<\/td><td><strong>Zum Tag der Artenvielfalt an den Lindenberg<\/strong><br>Abendrunde zur Frauenschuhbl\u00fcte<br>2 Std.<\/td><td>Martin Schwenninger 015203568275<\/td><td>17:30 Uhr Rathaus Bonndorf<\/td><\/tr><tr><td>24.05.26<\/td><td><br><strong>Glasmachertour von Altglash\u00fctten zum Bildstein<\/strong><br>Erlebnistour in die Zeit und Geschichte der Glasbl\u00e4ser<br>10km 350Hm, 5 Std.<\/td><td>G\u00fcnter Nosb\u00fcsch 07709-9224733<br><\/td><td>8:15 Uhr \/ Ewattingen Wutachhalle<br>8:30 Uhr \/ Rathaus Bonndorf PKW<\/td><\/tr><tr><td>07.06.2026<\/td><td><strong>Rund um Bargen<\/strong><br>Auf dem Panoramaweg auf dem Randen durchs Naturschutzgebiet Tannb\u00fcel aussichtsreich zur Nordspitze der Schweiz<br>14km 580 HM bergauf 4,5Std Gehzeit<\/td><td>Ruth Schwenninger 015224370718<\/td><td>10:00 Uhr Rathaus Bonndorf<\/td><\/tr><tr><td>20.06.26<\/td><td><strong>Raubritter an der Wutach<\/strong><br>Familiengerechte Erlebnistour auf den Spuren der Raubritter zur H\u00f6rnleburg.<br>Wer&nbsp; den Schatz von Ritter Kuniberth nicht findet, kann tolle Gipssteine am ehemaligen Bergwerk mitnehmen.<br>Abschlusshock mit Grillen; Grillgut wird gestellt; <strong>Anmeldung erforderlich!<\/strong><br>7km, 200Hm, 3 Std.<\/td><td>G\u00fcnter Nosb\u00fcsch 07709-9224733<br>Corinna Filia 07703-919089<\/td><td>13:00 Uhr \/ Rathaus Bonndorf PKW<br>13:30 Uhr \/ Ewattingen Wutachhalle<\/td><\/tr><tr><td>01.07.2026<\/td><td><strong>Wandern auf dem Genie\u00dferpfad Groppertal<\/strong><br>gemeinsam mit OV St\u00fchlingen<br>ca. 3,5 Std., 11,5km 200Hm<\/td><td>Veronika Keller 0771-7969<\/td><td>9:00 Uhr Bahnhofstra\u00dfe St\u00fchlingen<\/td><\/tr><tr><td>11.07.26<\/td><td><strong>Auf den Spuren des Feldberggletschers<\/strong><br>Erlebnistour auf dem Feldberg zur\u00fcck in die letzte Eiszeit und deren Relikte<br>16km, 7 Std, 490Hm, Trittsicherheit erforderlich, Rucksackverpflegung<\/td><td>G\u00fcnter Nosb\u00fcsch 07709-9224733<\/td><td>8:15 Uhr \/ Ewattingen Wutachhalle<br>8:30 Uhr \/ Rathaus Bonndorf<\/td><\/tr><tr><td>02.08.2026<\/td><td><strong>Durch die W\u00e4lder ums Erlenbachtal<\/strong><br>ca. 10km, 250Hm, 3 Std.<\/td><td>Martin Schwenninger 015203568275<\/td><td>13:00 Uhr Rathaus Bonndorf<\/td><\/tr><tr><td>30.08.2026<\/td><td><strong>Runde ums Jostal und Waldau<\/strong><br>Aussichtsreiche Rundtour<br>13km, 300Hm, 4-5 Std.<\/td><td>Klaus Fr\u00f6hlich 07703-7068<\/td><td>10:00 Uhr \/ Rathaus Bonndorf PKW<\/td><\/tr><tr><td>01.09.2026<\/td><td><strong>Morgenspaziergang mit allen Sinnen bei Weizen<\/strong><br>&#8222;Ein Leben war&#8217;s im \u00c4hrenfeld&#8220;<br>In Kooperation mit dem SWV St\u00fchlingen<br>2 &#8211; 2,5 Std., Anmeldung erforderlich<\/td><td>Veronika Keller 0771-7969<\/td><td>9:00 Uhr Ehrenbachhalle Weizen<\/td><\/tr><tr><td>13.09.2026<\/td><td><strong>Felsenweg bei Oberried<\/strong><br>Aussichtsreiche, anspruchsvolle Rundwanderung hoch zur Erlenbacher Weide hinab ins St.Wilhelmer tal und das Bruggatal zur\u00fcck<br>18km 670Hm bergauf, 6Std Gehzeit<\/td><td>Theresia Schwenninger<\/td><td>10:00 Uhr Rathaus Bonndorf<\/td><\/tr><tr><td>20.09.2026<\/td><td><strong>Aussichtsreich um den Hochblauen<\/strong><br>Schloss B\u00fcrgeln \u00fcber die Kalte K\u00fcche auf den Gipfel des Blauens. Zur\u00fcck \u00fcber die Lippisbacher H\u00f6fe zum Ausgangspunkt.<br>Gehzeit ca. 4,5 Std, 12km mit 550HM bergauf und Rucksackvesper<\/td><td>Tristan Dellers 015155704007<\/td><td>7:30 Uhr Rathaus Bonndorf<\/td><\/tr><tr><td>27.09.2026<\/td><td><strong>Besuch in der Heimat unserer Hinterw\u00e4lder<\/strong><br>Familiengerechte Wanderung \u00fcber die Laileh\u00f6he hinunter nach Ungendwieden. Dort wartet ein Vesper auf dem Hof unserer Hinterw\u00e4lder (Unkostenbeitrag wird vor Ort erhoben) und das vertiefende Gespr\u00e4ch zu Themen der Nebenerwerbslandwirtschaft.<br>Anmeldung bis 23.09.25 erforderlich<br>11km, 400Hm, 3,5 Std. Gehzeit<\/td><td>Martin Selz 07703-920064<br>Martin Scheuble 07703-931686<\/td><td>08:30 Uhr \/ Rathaus Bonndorf PKW<\/td><\/tr><tr><td>03.10.2026<\/td><td><strong>DounauWelle<\/strong><br>Gemeinsam mit dem Alpernverein Bonndorf<br>Anfahrt nach Gutenstein, Parkplatz &#8211; Oberer Kreuzfelsen &#8211; Rabenfelsen &#8211; Ruine Falkenstein &#8211; Neum\u00fchle und zur\u00fcck<br>Wanderung T1, 12,5 km, 550 Hm, 5 Std.<\/td><td>Petra Pfeiffer 07703-512<br>Regina Rohr 07746-2648<\/td><td>07:30 Uhr \/ Rathaus Bonndorf PKW<\/td><\/tr><tr><td>06.10.2026<\/td><td><strong>Morgenspaziergang mit allen Sinnen bei Wangen<\/strong><br>&#8222;Bunt sind schon die W\u00e4lder&#8220;<br>In Kooperation mit dem SWV St\u00fchlingen<br>2 &#8211; 2,5 Std., Anmeldung erforderlich<\/td><td>Veronika Keller 0771-7969<\/td><td>9:00 Uhr Gemeindehalle Wangen<\/td><\/tr><tr><td>11.10.2026<\/td><td><strong>Mit dem Dorfpolizist unterwegs auf dem S\u00e4belthomaweg bei Hinterzarten<\/strong><br>ca. 4 Std., 11km, 350Hm<br>gemeinsam mit OV St\u00fchlingen<\/td><td>Veronika Keller 0771-7969<\/td><td>9:15 Uhr Rathaus Bonndorf PKW<\/td><\/tr><tr><td>18.10.2026<\/td><td><strong>Schwarzhalden &#8211; Auf der Spurensuche in einer verschwundenen Siedlung<\/strong><br>Heimatgeschichtliche Wanderung durch die ehemalige Gemeinde<br>ca. 3,5 Std. 4km, Trittsicherheit und gutes Schuhwerk erforderlich<\/td><td>Friedbert Zapf 07656-987788<\/td><td>13:00 Uhr \/ Rathaus Bonndorf PKW<\/td><\/tr><\/tbody><\/table><\/figure>\n\n\n\n<div class=\"wp-block-media-text is-stacked-on-mobile\" style=\"grid-template-columns:32% auto\"><figure class=\"wp-block-media-text__media\"><img fetchpriority=\"high\" decoding=\"async\" width=\"232\" height=\"232\" src=\"https:\/\/schwarzwaldverein-bonndorf.de\/wp-content\/uploads\/2024\/03\/23037.jpg\" alt=\"\" class=\"wp-image-151 size-full\" srcset=\"https:\/\/schwarzwaldverein-bonndorf.de\/wp-content\/uploads\/2024\/03\/23037.jpg 232w, https:\/\/schwarzwaldverein-bonndorf.de\/wp-content\/uploads\/2024\/03\/23037-150x150.jpg 150w\" sizes=\"(max-width: 232px) 100vw, 232px\" \/><\/figure><div class=\"wp-block-media-text__content\">\n<p><mark style=\"background-color:rgba(0, 0, 0, 0)\" class=\"has-inline-color has-luminous-vivid-orange-color\"><strong>F\u00fcr alle Touren gilt: Trittsicherheit und Ausdauer sind erforderlich<\/strong>. <\/mark><\/p>\n<\/div><\/div>\n\n\n\n<p><\/p>\n","protected":false},"excerpt":{"rendered":"<p> F\u00fcr alle Touren gilt: Trittsicherheit und Ausdauer sind erforderlich. Je nach Witterung gibt es ein \u201eSchlechtwetterprogramm\u201cWanderf\u00fchrung, Organisation und Anmeldung bis 30.4.24 bei Wanderwartin Veronika Keller Tel. 0771 7969<\/p>\n","protected":false},"author":1,"featured_media":0,"parent":0,"menu_order":1,"comment_status":"closed","ping_status":"closed","template":"","meta":{"footnotes":""},"class_list":["post-143","page","type-page","status-publish","hentry","post"],"_links":{"self":[{"href":"https:\/\/schwarzwaldverein-bonndorf.de\/index.php?rest_route=\/wp\/v2\/pages\/143","targetHints":{"allow":["GET"]}}],"collection":[{"href":"https:\/\/schwarzwaldverein-bonndorf.de\/index.php?rest_route=\/wp\/v2\/pages"}],"about":[{"href":"https:\/\/schwarzwaldverein-bonndorf.de\/index.php?rest_route=\/wp\/v2\/types\/page"}],"author":[{"embeddable":true,"href":"https:\/\/schwarzwaldverein-bonndorf.de\/index.php?rest_route=\/wp\/v2\/users\/1"}],"replies":[{"embeddable":true,"href":"https:\/\/schwarzwaldverein-bonndorf.de\/index.php?rest_route=%2Fwp%2Fv2%2Fcomments&post=143"}],"version-history":[{"count":42,"href":"https:\/\/schwarzwaldverein-bonndorf.de\/index.php?rest_route=\/wp\/v2\/pages\/143\/revisions"}],"predecessor-version":[{"id":809,"href":"https:\/\/schwarzwaldverein-bonndorf.de\/index.php?rest_route=\/wp\/v2\/pages\/143\/revisions\/809"}],"wp:attachment":[{"href":"https:\/\/schwarzwaldverein-bonndorf.de\/index.php?rest_route=%2Fwp%2Fv2%2Fmedia&parent=143"}],"curies":[{"name":"wp","href":"https:\/\/api.w.org\/{rel}","templated":true}]}}