{"id":168,"date":"2024-03-12T19:10:16","date_gmt":"2024-03-12T18:10:16","guid":{"rendered":"https:\/\/schwarzwaldverein-bonndorf.de\/?page_id=168"},"modified":"2026-03-17T20:07:59","modified_gmt":"2026-03-17T19:07:59","slug":"wandern-mit-dem-schwarzwaldverein","status":"publish","type":"page","link":"https:\/\/schwarzwaldverein-bonndorf.de\/?page_id=168","title":{"rendered":"Wandern"},"content":{"rendered":"\n<div class=\"wp-block-media-text alignwide is-stacked-on-mobile\" style=\"grid-template-columns:55% auto\"><figure class=\"wp-block-media-text__media\"><img fetchpriority=\"high\" decoding=\"async\" width=\"2000\" height=\"1331\" src=\"https:\/\/schwarzwaldverein-bonndorf.de\/wp-content\/uploads\/2024\/03\/DSC_0486.jpg\" alt=\"\" class=\"wp-image-365 size-full\" srcset=\"https:\/\/schwarzwaldverein-bonndorf.de\/wp-content\/uploads\/2024\/03\/DSC_0486.jpg 2000w, https:\/\/schwarzwaldverein-bonndorf.de\/wp-content\/uploads\/2024\/03\/DSC_0486-300x200.jpg 300w, https:\/\/schwarzwaldverein-bonndorf.de\/wp-content\/uploads\/2024\/03\/DSC_0486-768x511.jpg 768w, https:\/\/schwarzwaldverein-bonndorf.de\/wp-content\/uploads\/2024\/03\/DSC_0486-1536x1022.jpg 1536w, https:\/\/schwarzwaldverein-bonndorf.de\/wp-content\/uploads\/2024\/03\/DSC_0486-272x182.jpg 272w\" sizes=\"(max-width: 2000px) 100vw, 2000px\" \/><\/figure><div class=\"wp-block-media-text__content\">\n<p>Der Schwarzwald ist eine der vielseitigsten Wanderregionen Deutschlands. Und die Schwarzwaldvereine vor Ort haben das passende Programm dazu! \u00dcber 10.000 Wanderangebote j\u00e4hrlich bieten die Ortsgruppen des Schwarzwaldvereins ihren Mitgliedern und G\u00e4sten.<\/p>\n\n\n\n<p>Ob beschaulich oder sportlich, mit kulturellem Schwerpunkt oder um die herrliche Landschaft zu erleben &#8211; Wandern im Schwarzwald macht mehr Freude mit dem Schwarzwaldverein. Probieren Sie es aus.<\/p>\n<\/div><\/div>\n\n\n\n<div class=\"wp-block-media-text alignwide has-media-on-the-right is-stacked-on-mobile\" style=\"grid-template-columns:auto 40%\"><div class=\"wp-block-media-text__content\">\n<p>Auch f\u00fcr das Jahr 2024 haben wir f\u00fcr Sie wieder ein umfangreiches Programm zusammengestellt. Von der gem\u00fctlichen Nachmittagswanderung bis zur anspruchsvollen Bergtour ist f\u00fcr jeden was dabei. Bitte beachten Sie, dass f\u00fcr die Mehrtagestouren wegen der Zimmerreservation eine fr\u00fchzeitige verbindliche Anmeldung erforderlich ist.<\/p>\n<\/div><figure class=\"wp-block-media-text__media\"><img decoding=\"async\" width=\"2000\" height=\"1331\" src=\"https:\/\/schwarzwaldverein-bonndorf.de\/wp-content\/uploads\/2024\/03\/DSC_0469.jpg\" alt=\"\" class=\"wp-image-364 size-full\" srcset=\"https:\/\/schwarzwaldverein-bonndorf.de\/wp-content\/uploads\/2024\/03\/DSC_0469.jpg 2000w, https:\/\/schwarzwaldverein-bonndorf.de\/wp-content\/uploads\/2024\/03\/DSC_0469-300x200.jpg 300w, https:\/\/schwarzwaldverein-bonndorf.de\/wp-content\/uploads\/2024\/03\/DSC_0469-768x511.jpg 768w, https:\/\/schwarzwaldverein-bonndorf.de\/wp-content\/uploads\/2024\/03\/DSC_0469-1536x1022.jpg 1536w, https:\/\/schwarzwaldverein-bonndorf.de\/wp-content\/uploads\/2024\/03\/DSC_0469-272x182.jpg 272w\" sizes=\"(max-width: 2000px) 100vw, 2000px\" \/><\/figure><\/div>\n\n\n\n<h2 class=\"wp-block-heading\">Wanderf\u00fchrer<\/h2>\n\n\n\n<figure class=\"wp-block-table\"><table><tbody><tr><td><strong>Name<\/strong><\/td><td><strong>Telefon<\/strong><\/td><\/tr><tr><td>Bauer Gerhard<\/td><td>07703\/7733<\/td><\/tr><tr><td>Burger Helmut<\/td><td>07703\/922922<\/td><\/tr><tr><td>Dellers Tristan<\/td><td>07709\/9296920<\/td><\/tr><tr><td>Filia Corinna<\/td><td>07703\/919089<\/td><\/tr><tr><td>Keller Veronika<\/td><td>0771\/7969<\/td><\/tr><tr><td>Fr\u00f6hlich Klaus<\/td><td>07703\/7068<\/td><\/tr><tr><td>Kl\u00f6sel Engelbert<\/td><td>07744\/919763<\/td><\/tr><tr><td>N\u00e4gele Max<\/td><td>07703\/1299<\/td><\/tr><tr><td>Pfeiffer Petra<\/td><td>07703\/512<\/td><\/tr><tr><td>Pfeiffer Roland<\/td><td>07703\/512<\/td><\/tr><tr><td>Pfendler Klaus<\/td><td>07703\/218<\/td><\/tr><tr><td>Rohr Regina<\/td><td>07746\/2647<\/td><\/tr><tr><td>Schwenninger Martin<\/td><td>07703\/919412<\/td><\/tr><tr><td>Zapf Friedbert<\/td><td>07656\/987788<\/td><\/tr><\/tbody><\/table><\/figure>\n\n\n\n<p><\/p>\n\n\n\n<div class=\"wp-block-query is-layout-flow wp-block-query-is-layout-flow\"><ul class=\"wp-block-post-template is-layout-flow wp-block-post-template-is-layout-flow\"><li class=\"wp-block-post post-392 post type-post status-publish format-standard has-post-thumbnail hentry category-allgemein category-wandern tag-sommerweide post-with-thumbnail post-with-thumbnail-icon\">\n\n<div class=\"wp-block-columns alignwide is-layout-flex wp-container-core-columns-is-layout-9d6595d7 wp-block-columns-is-layout-flex\">\n<div class=\"wp-block-column is-layout-flow wp-block-column-is-layout-flow\" style=\"flex-basis:66.66%\"><figure class=\"alignleft wp-block-post-featured-image\"><a href=\"https:\/\/schwarzwaldverein-bonndorf.de\/?p=392\" target=\"_self\"  ><img decoding=\"async\" width=\"720\" height=\"380\" src=\"https:\/\/schwarzwaldverein-bonndorf.de\/wp-content\/uploads\/2024\/04\/IMG_0019-720x380.jpg\" class=\"attachment-post-thumbnail size-post-thumbnail wp-post-image\" alt=\"Wanderung zur Sommerweide der Hinterw\u00e4lder-Rinder in Blasiwald\" style=\"object-fit:cover;\" \/><\/a><\/figure><\/div>\n\n\n\n<div class=\"wp-block-column is-layout-flow wp-block-column-is-layout-flow\" style=\"flex-basis:33.33%\"><h2 class=\"wp-block-post-title\"><a href=\"https:\/\/schwarzwaldverein-bonndorf.de\/?p=392\" target=\"_self\" >Wanderung zur Sommerweide der Hinterw\u00e4lder-Rinder in Blasiwald<\/a><\/h2>\n\n<div class=\"wp-block-post-excerpt\"><p class=\"wp-block-post-excerpt__excerpt\">Der Schwarzwaldverein Bonndorf machte sich auf den Weg nach Blasiwald, um den Hinterw\u00e4lder-Rindern Nepomuk und Hannibal einen Besuch abzustatten. Der [&hellip;] <\/p><\/div><\/div>\n<\/div>\n\n<\/li><li class=\"wp-block-post post-402 post type-post status-publish format-standard has-post-thumbnail hentry category-allgemein category-heimatpflege category-wandern post-with-thumbnail post-with-thumbnail-icon\">\n\n<div class=\"wp-block-columns alignwide is-layout-flex wp-container-core-columns-is-layout-9d6595d7 wp-block-columns-is-layout-flex\">\n<div class=\"wp-block-column is-layout-flow wp-block-column-is-layout-flow\" style=\"flex-basis:66.66%\"><figure class=\"alignleft wp-block-post-featured-image\"><a href=\"https:\/\/schwarzwaldverein-bonndorf.de\/?p=402\" target=\"_self\"  ><img loading=\"lazy\" decoding=\"async\" width=\"720\" height=\"380\" src=\"https:\/\/schwarzwaldverein-bonndorf.de\/wp-content\/uploads\/2024\/04\/WhatsApp-Image-2024-04-06-at-16.04.53-720x380.jpeg\" class=\"attachment-post-thumbnail size-post-thumbnail wp-post-image\" alt=\"Schluchtputzete Schwarzwaldverein Bonndorf\" style=\"object-fit:cover;\" \/><\/a><\/figure><\/div>\n\n\n\n<div class=\"wp-block-column is-layout-flow wp-block-column-is-layout-flow\" style=\"flex-basis:33.33%\"><h2 class=\"wp-block-post-title\"><a href=\"https:\/\/schwarzwaldverein-bonndorf.de\/?p=402\" target=\"_self\" >Schluchtputzete Schwarzwaldverein Bonndorf<\/a><\/h2>\n\n<div class=\"wp-block-post-excerpt\"><p class=\"wp-block-post-excerpt__excerpt\">Am Samstag, den 1. April traf sich trotz wenig fr\u00fchlingshaften Wetters eine Gruppe unverzagter Mitglieder des Schwarzwaldvereins Bonndorf, um noch [&hellip;] <\/p><\/div><\/div>\n<\/div>\n\n<\/li><\/ul><\/div>\n","protected":false},"excerpt":{"rendered":"<p>Der Schwarzwald ist eine der vielseitigsten Wanderregionen Deutschlands. Und die Schwarzwaldvereine vor Ort haben das passende Programm dazu! \u00dcber 10.000 [&hellip;]<\/p>\n","protected":false},"author":1,"featured_media":0,"parent":143,"menu_order":4,"comment_status":"closed","ping_status":"closed","template":"","meta":{"footnotes":""},"class_list":["post-168","page","type-page","status-publish","hentry","post"],"_links":{"self":[{"href":"https:\/\/schwarzwaldverein-bonndorf.de\/index.php?rest_route=\/wp\/v2\/pages\/168","targetHints":{"allow":["GET"]}}],"collection":[{"href":"https:\/\/schwarzwaldverein-bonndorf.de\/index.php?rest_route=\/wp\/v2\/pages"}],"about":[{"href":"https:\/\/schwarzwaldverein-bonndorf.de\/index.php?rest_route=\/wp\/v2\/types\/page"}],"author":[{"embeddable":true,"href":"https:\/\/schwarzwaldverein-bonndorf.de\/index.php?rest_route=\/wp\/v2\/users\/1"}],"replies":[{"embeddable":true,"href":"https:\/\/schwarzwaldverein-bonndorf.de\/index.php?rest_route=%2Fwp%2Fv2%2Fcomments&post=168"}],"version-history":[{"count":16,"href":"https:\/\/schwarzwaldverein-bonndorf.de\/index.php?rest_route=\/wp\/v2\/pages\/168\/revisions"}],"predecessor-version":[{"id":707,"href":"https:\/\/schwarzwaldverein-bonndorf.de\/index.php?rest_route=\/wp\/v2\/pages\/168\/revisions\/707"}],"up":[{"embeddable":true,"href":"https:\/\/schwarzwaldverein-bonndorf.de\/index.php?rest_route=\/wp\/v2\/pages\/143"}],"wp:attachment":[{"href":"https:\/\/schwarzwaldverein-bonndorf.de\/index.php?rest_route=%2Fwp%2Fv2%2Fmedia&parent=168"}],"curies":[{"name":"wp","href":"https:\/\/api.w.org\/{rel}","templated":true}]}}