{"id":196,"date":"2024-03-12T19:34:22","date_gmt":"2024-03-12T18:34:22","guid":{"rendered":"https:\/\/schwarzwaldverein-bonndorf.de\/?page_id=196"},"modified":"2026-03-17T20:08:23","modified_gmt":"2026-03-17T19:08:23","slug":"naturschutz","status":"publish","type":"page","link":"https:\/\/schwarzwaldverein-bonndorf.de\/?page_id=196","title":{"rendered":"Naturschutz"},"content":{"rendered":"\n<p>Natur liegt uns am Herzen \u2013 mit allem, was darin vorkommt. Wir unterst\u00fctzen deshalb den Naturschutz vor Ort. Achtsamkeit vor den Sch\u00e4tzen, die unsere Heimat bietet und ihre Pflege sind Teil unserer Leidenschaft und Motivation. Seit mehr als 100 Jahren leistet der Schwarzwaldverein praktische Naturschutzarbeit. In den Vereinen vor Ort kommen j\u00e4hrlich rund 20.000&nbsp; ehrenamtliche Arbeitsstunden zusammen, ein Gro\u00dfteil davon f\u00fcr die Sicherung und Pflege gef\u00e4hrdeter Tier- und Pflanzenarten sowie ihrer&nbsp; Lebensr\u00e4ume. Die Ortsgruppe Bonndorf startet jedes Jahr mit einer Putzete in der Wutachschlucht in die Saison. Wege werden ges\u00e4ubert und wieder zug\u00e4nglich gemacht, M\u00fcll wird aufgelesen und auch verkehrssichernde F\u00e4llarbeiten werden durchgef\u00fchrt. Wir bieten au\u00dferdem unter dem Jahr kleine Abendspazierg\u00e4nge an mit naturschutzfachlichen Themen und freuen uns immer \u00fcber viele Interessierte, die mit uns die Natur neu kennenlernen. Wer kennt sie nicht \u2013 die gro\u00dfe, manchmal stinkende Pflanze mit den lila Bl\u00fcten: Das invasive indische Springkraut. Der Schwarzwaldverein setzt sich daf\u00fcr ein, dass eine schwerpunktorientierte Bek\u00e4mpfung stattfindet, um die heimische Flora und Fauna zu sch\u00fctzen. In der Wandersaison sind zudem Naturschutzwarte in der Wutachschlucht unterwegs, die das Naturschutzgebiet betreuen und f\u00fcr eure Fragen offen sind. Du hast Fragen oder Ideen f\u00fcr unser Wirken? Wir freuen uns \u00fcber deine Anfrage.<\/p>\n\n\n\n<figure class=\"wp-block-image size-full\"><img fetchpriority=\"high\" decoding=\"async\" width=\"2000\" height=\"1331\" src=\"https:\/\/schwarzwaldverein-bonndorf.de\/wp-content\/uploads\/2024\/03\/DSC_9383.jpg\" alt=\"\" class=\"wp-image-353\" srcset=\"https:\/\/schwarzwaldverein-bonndorf.de\/wp-content\/uploads\/2024\/03\/DSC_9383.jpg 2000w, https:\/\/schwarzwaldverein-bonndorf.de\/wp-content\/uploads\/2024\/03\/DSC_9383-300x200.jpg 300w, https:\/\/schwarzwaldverein-bonndorf.de\/wp-content\/uploads\/2024\/03\/DSC_9383-768x511.jpg 768w, https:\/\/schwarzwaldverein-bonndorf.de\/wp-content\/uploads\/2024\/03\/DSC_9383-1536x1022.jpg 1536w, https:\/\/schwarzwaldverein-bonndorf.de\/wp-content\/uploads\/2024\/03\/DSC_9383-272x182.jpg 272w\" sizes=\"(max-width: 2000px) 100vw, 2000px\" \/><\/figure>\n\n\n\n<p><\/p>\n\n\n\n<div class=\"wp-block-query is-layout-flow wp-block-query-is-layout-flow\"><ul class=\"wp-block-post-template is-layout-flow wp-block-post-template-is-layout-flow\"><li class=\"wp-block-post post-728 post type-post status-publish format-standard has-post-thumbnail hentry category-allgemein category-naturschutz tag-ansitz tag-greif tag-vogel post-with-thumbnail post-with-thumbnail-icon\">\n\n<div class=\"wp-block-columns alignwide is-layout-flex wp-container-core-columns-is-layout-9d6595d7 wp-block-columns-is-layout-flex\">\n<div class=\"wp-block-column is-layout-flow wp-block-column-is-layout-flow\" style=\"flex-basis:66.66%\"><figure class=\"alignleft wp-block-post-featured-image\"><a href=\"https:\/\/schwarzwaldverein-bonndorf.de\/?p=728\" target=\"_self\"  ><img decoding=\"async\" width=\"720\" height=\"380\" src=\"https:\/\/schwarzwaldverein-bonndorf.de\/wp-content\/uploads\/2025\/04\/Bild_Greifvogelansitz_2025-4-720x380.png\" class=\"attachment-post-thumbnail size-post-thumbnail wp-post-image\" alt=\"Greifvogelansitz 2025\" style=\"object-fit:cover;\" \/><\/a><\/figure><\/div>\n\n\n\n<div class=\"wp-block-column is-layout-flow wp-block-column-is-layout-flow\" style=\"flex-basis:33.33%\"><h2 class=\"wp-block-post-title\"><a href=\"https:\/\/schwarzwaldverein-bonndorf.de\/?p=728\" target=\"_self\" >Greifvogelansitz 2025<\/a><\/h2>\n\n<div class=\"wp-block-post-excerpt\"><p class=\"wp-block-post-excerpt__excerpt\"> <\/p><\/div><\/div>\n<\/div>\n\n<\/li><li class=\"wp-block-post post-725 post type-post status-publish format-standard has-post-thumbnail hentry category-allgemein category-naturschutz tag-may tag-mow tag-no tag-nomowmay post-with-thumbnail post-with-thumbnail-icon\">\n\n<div class=\"wp-block-columns alignwide is-layout-flex wp-container-core-columns-is-layout-9d6595d7 wp-block-columns-is-layout-flex\">\n<div class=\"wp-block-column is-layout-flow wp-block-column-is-layout-flow\" style=\"flex-basis:66.66%\"><figure class=\"alignleft wp-block-post-featured-image\"><a href=\"https:\/\/schwarzwaldverein-bonndorf.de\/?p=725\" target=\"_self\"  ><img decoding=\"async\" width=\"720\" height=\"380\" src=\"https:\/\/schwarzwaldverein-bonndorf.de\/wp-content\/uploads\/2025\/04\/No-Mow-May-720x380.png\" class=\"attachment-post-thumbnail size-post-thumbnail wp-post-image\" alt=\"No Mow May 2025\" style=\"object-fit:cover;\" srcset=\"https:\/\/schwarzwaldverein-bonndorf.de\/wp-content\/uploads\/2025\/04\/No-Mow-May-720x380.png 720w, https:\/\/schwarzwaldverein-bonndorf.de\/wp-content\/uploads\/2025\/04\/No-Mow-May-300x159.png 300w\" sizes=\"(max-width: 720px) 100vw, 720px\" \/><\/a><\/figure><\/div>\n\n\n\n<div class=\"wp-block-column is-layout-flow wp-block-column-is-layout-flow\" style=\"flex-basis:33.33%\"><h2 class=\"wp-block-post-title\"><a href=\"https:\/\/schwarzwaldverein-bonndorf.de\/?p=725\" target=\"_self\" >No Mow May 2025<\/a><\/h2>\n\n<div class=\"wp-block-post-excerpt\"><p class=\"wp-block-post-excerpt__excerpt\"> <\/p><\/div><\/div>\n<\/div>\n\n<\/li><li class=\"wp-block-post post-583 post type-post status-publish format-standard has-post-thumbnail hentry category-allgemein category-naturschutz tag-bieber tag-kraeuter tag-kreauter post-with-thumbnail post-with-thumbnail-icon\">\n\n<div class=\"wp-block-columns alignwide is-layout-flex wp-container-core-columns-is-layout-9d6595d7 wp-block-columns-is-layout-flex\">\n<div class=\"wp-block-column is-layout-flow wp-block-column-is-layout-flow\" style=\"flex-basis:66.66%\"><figure class=\"alignleft wp-block-post-featured-image\"><a href=\"https:\/\/schwarzwaldverein-bonndorf.de\/?p=583\" target=\"_self\"  ><img loading=\"lazy\" decoding=\"async\" width=\"720\" height=\"380\" src=\"https:\/\/schwarzwaldverein-bonndorf.de\/wp-content\/uploads\/2024\/07\/Bieber1_1-720x380.jpg\" class=\"attachment-post-thumbnail size-post-thumbnail wp-post-image\" alt=\"Bieber &amp; Kr\u00e4uter 03.08.24\" style=\"object-fit:cover;\" \/><\/a><\/figure><\/div>\n\n\n\n<div class=\"wp-block-column is-layout-flow wp-block-column-is-layout-flow\" style=\"flex-basis:33.33%\"><h2 class=\"wp-block-post-title\"><a href=\"https:\/\/schwarzwaldverein-bonndorf.de\/?p=583\" target=\"_self\" >Bieber &amp; Kr\u00e4uter 03.08.24<\/a><\/h2>\n\n<div class=\"wp-block-post-excerpt\"><p class=\"wp-block-post-excerpt__excerpt\">Erkunden des Biberreviers und spannende Infos \u00fcber die Biberfamilie\ud83e\uddab Kr\u00e4uter Sammeln und gemeinsames Zubereiten leckerer Dips\ud83e\uddab Gem\u00fctliches Beisammensein in der [&hellip;] <\/p><\/div><\/div>\n<\/div>\n\n<\/li><li class=\"wp-block-post post-400 post type-post status-publish format-standard has-post-thumbnail hentry category-allgemein category-naturschutz post-with-thumbnail post-with-thumbnail-icon\">\n\n<div class=\"wp-block-columns alignwide is-layout-flex wp-container-core-columns-is-layout-9d6595d7 wp-block-columns-is-layout-flex\">\n<div class=\"wp-block-column is-layout-flow wp-block-column-is-layout-flow\" style=\"flex-basis:66.66%\"><figure class=\"alignleft wp-block-post-featured-image\"><a href=\"https:\/\/schwarzwaldverein-bonndorf.de\/?p=400\" target=\"_self\"  ><img loading=\"lazy\" decoding=\"async\" width=\"720\" height=\"380\" src=\"https:\/\/schwarzwaldverein-bonndorf.de\/wp-content\/uploads\/2024\/04\/WhatsApp-Image-2024-03-26-at-21.47.39-2-720x380.jpeg\" class=\"attachment-post-thumbnail size-post-thumbnail wp-post-image\" alt=\"Bl\u00fchkreisaktion des SWV Bonndorf in Kooperation mit der Naturparkschule\" style=\"object-fit:cover;\" \/><\/a><\/figure><\/div>\n\n\n\n<div class=\"wp-block-column is-layout-flow wp-block-column-is-layout-flow\" style=\"flex-basis:33.33%\"><h2 class=\"wp-block-post-title\"><a href=\"https:\/\/schwarzwaldverein-bonndorf.de\/?p=400\" target=\"_self\" >Bl\u00fchkreisaktion des SWV Bonndorf in Kooperation mit der Naturparkschule<\/a><\/h2>\n\n<div class=\"wp-block-post-excerpt\"><p class=\"wp-block-post-excerpt__excerpt\">Am vergangenen Freitag s\u00e4ten die Sch\u00fclerinnen und Sch\u00fcler der Klasse 9a der Naturparkschule mit ihrer Klassenlehrerin Jutta Sch\u00e4r, der Biologielehrerin [&hellip;] <\/p><\/div><\/div>\n<\/div>\n\n<\/li><li class=\"wp-block-post post-243 post type-post status-publish format-standard has-post-thumbnail hentry category-allgemein category-naturschutz post-with-thumbnail post-with-thumbnail-icon\">\n\n<div class=\"wp-block-columns alignwide is-layout-flex wp-container-core-columns-is-layout-9d6595d7 wp-block-columns-is-layout-flex\">\n<div class=\"wp-block-column is-layout-flow wp-block-column-is-layout-flow\" style=\"flex-basis:66.66%\"><figure class=\"alignleft wp-block-post-featured-image\"><a href=\"https:\/\/schwarzwaldverein-bonndorf.de\/?p=243\" target=\"_self\"  ><img loading=\"lazy\" decoding=\"async\" width=\"720\" height=\"380\" src=\"https:\/\/schwarzwaldverein-bonndorf.de\/wp-content\/uploads\/2024\/03\/20231219_141521-720x380.jpg\" class=\"attachment-post-thumbnail size-post-thumbnail wp-post-image\" alt=\"Reaktivierung Feuchtbiotop Bahnbr\u00fccke\" style=\"object-fit:cover;\" \/><\/a><\/figure><\/div>\n\n\n\n<div class=\"wp-block-column is-layout-flow wp-block-column-is-layout-flow\" style=\"flex-basis:33.33%\"><h2 class=\"wp-block-post-title\"><a href=\"https:\/\/schwarzwaldverein-bonndorf.de\/?p=243\" target=\"_self\" >Reaktivierung Feuchtbiotop Bahnbr\u00fccke<\/a><\/h2>\n\n<div class=\"wp-block-post-excerpt\"><p class=\"wp-block-post-excerpt__excerpt\">Auf Initiative des Schwarzwaldvereins Bonndorf und in enger Abstimmung mit der Stadt Bonndorf, dem Stadtf\u00f6rster, der Unteren Naturschutzbeh\u00f6rde des Landratsamts [&hellip;] <\/p><\/div><\/div>\n<\/div>\n\n<\/li><\/ul><\/div>\n","protected":false},"excerpt":{"rendered":"<p>Natur liegt uns am Herzen \u2013 mit allem, was darin vorkommt. Wir unterst\u00fctzen deshalb den Naturschutz vor Ort. Achtsamkeit vor [&hellip;]<\/p>\n","protected":false},"author":1,"featured_media":0,"parent":247,"menu_order":5,"comment_status":"closed","ping_status":"closed","template":"","meta":{"footnotes":""},"class_list":["post-196","page","type-page","status-publish","hentry","post"],"_links":{"self":[{"href":"https:\/\/schwarzwaldverein-bonndorf.de\/index.php?rest_route=\/wp\/v2\/pages\/196","targetHints":{"allow":["GET"]}}],"collection":[{"href":"https:\/\/schwarzwaldverein-bonndorf.de\/index.php?rest_route=\/wp\/v2\/pages"}],"about":[{"href":"https:\/\/schwarzwaldverein-bonndorf.de\/index.php?rest_route=\/wp\/v2\/types\/page"}],"author":[{"embeddable":true,"href":"https:\/\/schwarzwaldverein-bonndorf.de\/index.php?rest_route=\/wp\/v2\/users\/1"}],"replies":[{"embeddable":true,"href":"https:\/\/schwarzwaldverein-bonndorf.de\/index.php?rest_route=%2Fwp%2Fv2%2Fcomments&post=196"}],"version-history":[{"count":8,"href":"https:\/\/schwarzwaldverein-bonndorf.de\/index.php?rest_route=\/wp\/v2\/pages\/196\/revisions"}],"predecessor-version":[{"id":439,"href":"https:\/\/schwarzwaldverein-bonndorf.de\/index.php?rest_route=\/wp\/v2\/pages\/196\/revisions\/439"}],"up":[{"embeddable":true,"href":"https:\/\/schwarzwaldverein-bonndorf.de\/index.php?rest_route=\/wp\/v2\/pages\/247"}],"wp:attachment":[{"href":"https:\/\/schwarzwaldverein-bonndorf.de\/index.php?rest_route=%2Fwp%2Fv2%2Fmedia&parent=196"}],"curies":[{"name":"wp","href":"https:\/\/api.w.org\/{rel}","templated":true}]}}