{"id":496,"date":"2024-05-30T16:19:27","date_gmt":"2024-05-30T14:19:27","guid":{"rendered":"https:\/\/schwarzwaldverein-bonndorf.de\/?page_id=496"},"modified":"2026-04-05T11:26:09","modified_gmt":"2026-04-05T09:26:09","slug":"herzlich-willkommen-beim-schwarzwaldverein-bonndorf-2","status":"publish","type":"page","link":"https:\/\/schwarzwaldverein-bonndorf.de\/","title":{"rendered":"Herzlich Willkommen beim Schwarzwaldverein Bonndorf"},"content":{"rendered":"\t\t<div data-elementor-type=\"wp-page\" data-elementor-id=\"496\" class=\"elementor elementor-496\">\n\t\t\t\t<div class=\"elementor-element elementor-element-f07b220 e-flex e-con-boxed e-con e-parent\" data-id=\"f07b220\" data-element_type=\"container\" data-e-type=\"container\">\n\t\t\t\t\t<div class=\"e-con-inner\">\n\t\t\t\t<div class=\"elementor-element elementor-element-6e32559 elementor-widget elementor-widget-image\" data-id=\"6e32559\" data-element_type=\"widget\" data-e-type=\"widget\" data-widget_type=\"image.default\">\n\t\t\t\t<div class=\"elementor-widget-container\">\n\t\t\t\t\t\t\t\t\t\t\t\t\t\t\t\t<a href=\"https:\/\/schwarzwaldverein-bonndorf.de\/wp-content\/uploads\/2026\/04\/SWV_Flappi_Fledermausgeschichte_Handout.pdf\">\n\t\t\t\t\t\t\t<img fetchpriority=\"high\" decoding=\"async\" width=\"720\" height=\"592\" src=\"https:\/\/schwarzwaldverein-bonndorf.de\/wp-content\/uploads\/2026\/04\/Screenshot-from-2026-04-05-11-23-42.png\" class=\"attachment-large size-large wp-image-833\" alt=\"\" srcset=\"https:\/\/schwarzwaldverein-bonndorf.de\/wp-content\/uploads\/2026\/04\/Screenshot-from-2026-04-05-11-23-42.png 1081w, https:\/\/schwarzwaldverein-bonndorf.de\/wp-content\/uploads\/2026\/04\/Screenshot-from-2026-04-05-11-23-42-300x247.png 300w, https:\/\/schwarzwaldverein-bonndorf.de\/wp-content\/uploads\/2026\/04\/Screenshot-from-2026-04-05-11-23-42-768x632.png 768w\" sizes=\"(max-width: 720px) 100vw, 720px\" \/>\t\t\t\t\t\t\t\t<\/a>\n\t\t\t\t\t\t\t\t\t\t\t\t\t\t\t<\/div>\n\t\t\t\t<\/div>\n\t\t\t\t<div class=\"elementor-element elementor-element-64564af elementor-widget elementor-widget-text-editor\" data-id=\"64564af\" data-element_type=\"widget\" data-e-type=\"widget\" data-widget_type=\"text-editor.default\">\n\t\t\t\t<div class=\"elementor-widget-container\">\n\t\t\t\t\t\t\t\t\t<p>Details zu den Wanderungen finden Sie auf unserem -&gt; <a href=\"https:\/\/schwarzwaldverein-bonndorf.de\/?page_id=143\">Wanderplan<\/a><\/p>\t\t\t\t\t\t\t\t<\/div>\n\t\t\t\t<\/div>\n\t\t\t\t<div class=\"elementor-element elementor-element-cc143a7 elementor-widget-divider--view-line elementor-widget elementor-widget-divider\" data-id=\"cc143a7\" data-element_type=\"widget\" data-e-type=\"widget\" data-widget_type=\"divider.default\">\n\t\t\t\t<div class=\"elementor-widget-container\">\n\t\t\t\t\t\t\t<div class=\"elementor-divider\">\n\t\t\t<span class=\"elementor-divider-separator\">\n\t\t\t\t\t\t<\/span>\n\t\t<\/div>\n\t\t\t\t\t\t<\/div>\n\t\t\t\t<\/div>\n\t\t\t\t<div class=\"elementor-element elementor-element-28796d9 elementor-widget elementor-widget-toggle\" data-id=\"28796d9\" data-element_type=\"widget\" data-e-type=\"widget\" data-widget_type=\"toggle.default\">\n\t\t\t\t<div class=\"elementor-widget-container\">\n\t\t\t\t\t\t\t<div class=\"elementor-toggle\">\n\t\t\t\t\t\t\t<div class=\"elementor-toggle-item\">\n\t\t\t\t\t<div id=\"elementor-tab-title-4241\" class=\"elementor-tab-title\" data-tab=\"1\" role=\"button\" aria-controls=\"elementor-tab-content-4241\" aria-expanded=\"false\">\n\t\t\t\t\t\t\t\t\t\t\t\t<span class=\"elementor-toggle-icon elementor-toggle-icon-left\" aria-hidden=\"true\">\n\t\t\t\t\t\t\t\t\t\t\t\t\t\t\t<span class=\"elementor-toggle-icon-closed\"><svg class=\"e-font-icon-svg e-fas-caret-right\" viewBox=\"0 0 192 512\" xmlns=\"http:\/\/www.w3.org\/2000\/svg\"><path d=\"M0 384.662V127.338c0-17.818 21.543-26.741 34.142-14.142l128.662 128.662c7.81 7.81 7.81 20.474 0 28.284L34.142 398.804C21.543 411.404 0 402.48 0 384.662z\"><\/path><\/svg><\/span>\n\t\t\t\t\t\t\t\t<span class=\"elementor-toggle-icon-opened\"><svg class=\"elementor-toggle-icon-opened e-font-icon-svg e-fas-caret-up\" viewBox=\"0 0 320 512\" xmlns=\"http:\/\/www.w3.org\/2000\/svg\"><path d=\"M288.662 352H31.338c-17.818 0-26.741-21.543-14.142-34.142l128.662-128.662c7.81-7.81 20.474-7.81 28.284 0l128.662 128.662c12.6 12.599 3.676 34.142-14.142 34.142z\"><\/path><\/svg><\/span>\n\t\t\t\t\t\t\t\t\t\t\t\t\t<\/span>\n\t\t\t\t\t\t\t\t\t\t\t\t<a class=\"elementor-toggle-title\" tabindex=\"0\">Geschichte des Schwarzwaldvereins<\/a>\n\t\t\t\t\t<\/div>\n\n\t\t\t\t\t<div id=\"elementor-tab-content-4241\" class=\"elementor-tab-content elementor-clearfix\" data-tab=\"1\" role=\"region\" aria-labelledby=\"elementor-tab-title-4241\"><p style=\"font-family: 'Helvetica Neue', Helvetica, Arial, 'Lucida Grande', sans-serif; font-size: 15px; font-style: normal; font-weight: 400; margin-top: 0px; color: #666666;\">Der Schwarzwaldverein wurde1864 in Freiburg von 7 Gastwirten gegr\u00fcndet. Vereinsziel war die F\u00f6rderung des Fremdenverkehrs.<\/p><p style=\"font-family: 'Helvetica Neue', Helvetica, Arial, 'Lucida Grande', sans-serif; font-size: 15px; font-style: normal; font-weight: 400; color: #666666;\">1885 folgte die Gr\u00fcndung der Ortsgruppe Bonndorf (Sektion).\u00a0<\/p><\/div>\n\t\t\t\t<\/div>\n\t\t\t\t\t\t\t<div class=\"elementor-toggle-item\">\n\t\t\t\t\t<div id=\"elementor-tab-title-4242\" class=\"elementor-tab-title\" data-tab=\"2\" role=\"button\" aria-controls=\"elementor-tab-content-4242\" aria-expanded=\"false\">\n\t\t\t\t\t\t\t\t\t\t\t\t<span class=\"elementor-toggle-icon elementor-toggle-icon-left\" aria-hidden=\"true\">\n\t\t\t\t\t\t\t\t\t\t\t\t\t\t\t<span class=\"elementor-toggle-icon-closed\"><svg class=\"e-font-icon-svg e-fas-caret-right\" viewBox=\"0 0 192 512\" xmlns=\"http:\/\/www.w3.org\/2000\/svg\"><path d=\"M0 384.662V127.338c0-17.818 21.543-26.741 34.142-14.142l128.662 128.662c7.81 7.81 7.81 20.474 0 28.284L34.142 398.804C21.543 411.404 0 402.48 0 384.662z\"><\/path><\/svg><\/span>\n\t\t\t\t\t\t\t\t<span class=\"elementor-toggle-icon-opened\"><svg class=\"elementor-toggle-icon-opened e-font-icon-svg e-fas-caret-up\" viewBox=\"0 0 320 512\" xmlns=\"http:\/\/www.w3.org\/2000\/svg\"><path d=\"M288.662 352H31.338c-17.818 0-26.741-21.543-14.142-34.142l128.662-128.662c7.81-7.81 20.474-7.81 28.284 0l128.662 128.662c12.6 12.599 3.676 34.142-14.142 34.142z\"><\/path><\/svg><\/span>\n\t\t\t\t\t\t\t\t\t\t\t\t\t<\/span>\n\t\t\t\t\t\t\t\t\t\t\t\t<a class=\"elementor-toggle-title\" tabindex=\"0\">Wie gro\u00df ist der Schwarzwaldverein?<\/a>\n\t\t\t\t\t<\/div>\n\n\t\t\t\t\t<div id=\"elementor-tab-content-4242\" class=\"elementor-tab-content elementor-clearfix\" data-tab=\"2\" role=\"region\" aria-labelledby=\"elementor-tab-title-4242\"><p>Heute ist der Schwarzwaldverein mit \u00fcber 65.000 Mitgliedern in 200 Ortsgruppen der zweitgr\u00f6\u00dfte deutsche Wanderverband.<\/p><\/div>\n\t\t\t\t<\/div>\n\t\t\t\t\t\t\t<div class=\"elementor-toggle-item\">\n\t\t\t\t\t<div id=\"elementor-tab-title-4243\" class=\"elementor-tab-title\" data-tab=\"3\" role=\"button\" aria-controls=\"elementor-tab-content-4243\" aria-expanded=\"false\">\n\t\t\t\t\t\t\t\t\t\t\t\t<span class=\"elementor-toggle-icon elementor-toggle-icon-left\" aria-hidden=\"true\">\n\t\t\t\t\t\t\t\t\t\t\t\t\t\t\t<span class=\"elementor-toggle-icon-closed\"><svg class=\"e-font-icon-svg e-fas-caret-right\" viewBox=\"0 0 192 512\" xmlns=\"http:\/\/www.w3.org\/2000\/svg\"><path d=\"M0 384.662V127.338c0-17.818 21.543-26.741 34.142-14.142l128.662 128.662c7.81 7.81 7.81 20.474 0 28.284L34.142 398.804C21.543 411.404 0 402.48 0 384.662z\"><\/path><\/svg><\/span>\n\t\t\t\t\t\t\t\t<span class=\"elementor-toggle-icon-opened\"><svg class=\"elementor-toggle-icon-opened e-font-icon-svg e-fas-caret-up\" viewBox=\"0 0 320 512\" xmlns=\"http:\/\/www.w3.org\/2000\/svg\"><path d=\"M288.662 352H31.338c-17.818 0-26.741-21.543-14.142-34.142l128.662-128.662c7.81-7.81 20.474-7.81 28.284 0l128.662 128.662c12.6 12.599 3.676 34.142-14.142 34.142z\"><\/path><\/svg><\/span>\n\t\t\t\t\t\t\t\t\t\t\t\t\t<\/span>\n\t\t\t\t\t\t\t\t\t\t\t\t<a class=\"elementor-toggle-title\" tabindex=\"0\">Was tut der Schwarzwaldverein<\/a>\n\t\t\t\t\t<\/div>\n\n\t\t\t\t\t<div id=\"elementor-tab-content-4243\" class=\"elementor-tab-content elementor-clearfix\" data-tab=\"3\" role=\"region\" aria-labelledby=\"elementor-tab-title-4243\"><ul><li><span style=\"font-family: 'Helvetica Neue', Helvetica, Arial, 'Lucida Grande', sans-serif; font-size: 15px; font-style: normal; font-weight: 400; text-align: var(--text-align);\">Vielseitige Aktivit\u00e4ten im Natur- und Umweltschutz<\/span><\/li><li><span style=\"font-family: 'Helvetica Neue', Helvetica, Arial, 'Lucida Grande', sans-serif; font-size: 15px; font-style: normal; font-weight: 400; text-align: var(--text-align);\"> Erhalt und Pflege historischer Geb\u00e4ude, Br\u00e4uche und traditioneller Handwerksverfahren<\/span><\/li><li><span style=\"font-family: 'Helvetica Neue', Helvetica, Arial, 'Lucida Grande', sans-serif; font-size: 15px; font-style: normal; font-weight: 400; text-align: var(--text-align);\"> Aktive Jugendarbeit<\/span><\/li><li><span style=\"font-family: 'Helvetica Neue', Helvetica, Arial, 'Lucida Grande', sans-serif; font-size: 15px; font-style: normal; font-weight: 400; text-align: var(--text-align);\"> Herausgabe der Vereinszeitschrift <\/span><strong style=\"font-family: 'Helvetica Neue', Helvetica, Arial, 'Lucida Grande', sans-serif; font-size: 15px; font-style: normal; text-align: var(--text-align);\">\u201cDer Schwarzwald\u201d<\/strong><\/li><li><span style=\"font-family: 'Helvetica Neue', Helvetica, Arial, 'Lucida Grande', sans-serif; font-size: 15px; font-style: normal; font-weight: 400; text-align: var(--text-align);\">Wanderkarten und Wanderb\u00fccher<\/span><\/li><li><span style=\"font-family: 'Helvetica Neue', Helvetica, Arial, 'Lucida Grande', sans-serif; font-size: 15px; font-style: normal; font-weight: 400; text-align: var(--text-align);\"> Seminare im Natur- und Umweltschutz und in der Heimatpflege.<\/span><\/li><\/ul><\/div>\n\t\t\t\t<\/div>\n\t\t\t\t\t\t\t\t<\/div>\n\t\t\t\t\t\t<\/div>\n\t\t\t\t<\/div>\n\t\t\t\t\t<\/div>\n\t\t\t\t<\/div>\n\t\t<div class=\"elementor-element elementor-element-5d2e11b e-flex e-con-boxed e-con e-parent\" data-id=\"5d2e11b\" data-element_type=\"container\" data-e-type=\"container\">\n\t\t\t\t\t<div class=\"e-con-inner\">\n\t\t<div class=\"elementor-element elementor-element-523e29b e-con-full e-flex e-con e-child\" data-id=\"523e29b\" data-element_type=\"container\" data-e-type=\"container\">\n\t\t\t\t<div class=\"elementor-element elementor-element-d808210 elementor-widget elementor-widget-image\" data-id=\"d808210\" data-element_type=\"widget\" data-e-type=\"widget\" data-widget_type=\"image.default\">\n\t\t\t\t<div class=\"elementor-widget-container\">\n\t\t\t\t\t\t\t\t\t\t\t\t\t\t\t<img decoding=\"async\" width=\"720\" height=\"480\" src=\"https:\/\/schwarzwaldverein-bonndorf.de\/wp-content\/uploads\/2024\/03\/DSC_6132.jpg\" class=\"attachment-large size-large wp-image-370\" alt=\"\" srcset=\"https:\/\/schwarzwaldverein-bonndorf.de\/wp-content\/uploads\/2024\/03\/DSC_6132.jpg 2000w, https:\/\/schwarzwaldverein-bonndorf.de\/wp-content\/uploads\/2024\/03\/DSC_6132-300x200.jpg 300w, https:\/\/schwarzwaldverein-bonndorf.de\/wp-content\/uploads\/2024\/03\/DSC_6132-768x512.jpg 768w, https:\/\/schwarzwaldverein-bonndorf.de\/wp-content\/uploads\/2024\/03\/DSC_6132-1536x1024.jpg 1536w, https:\/\/schwarzwaldverein-bonndorf.de\/wp-content\/uploads\/2024\/03\/DSC_6132-272x182.jpg 272w\" sizes=\"(max-width: 720px) 100vw, 720px\" \/>\t\t\t\t\t\t\t\t\t\t\t\t\t\t\t<\/div>\n\t\t\t\t<\/div>\n\t\t\t\t<div class=\"elementor-element elementor-element-0c09a62 elementor-widget elementor-widget-counter\" data-id=\"0c09a62\" data-element_type=\"widget\" data-e-type=\"widget\" data-widget_type=\"counter.default\">\n\t\t\t\t<div class=\"elementor-widget-container\">\n\t\t\t\t\t\t\t<div class=\"elementor-counter\">\n\t\t\t<div class=\"elementor-counter-title\">Gut markierte und unterhaltene Wanderwege<\/div>\t\t\t<div class=\"elementor-counter-number-wrapper\">\n\t\t\t\t<span class=\"elementor-counter-number-prefix\"><\/span>\n\t\t\t\t<span class=\"elementor-counter-number\" data-duration=\"2000\" data-to-value=\"24000\" data-from-value=\"0\" data-delimiter=\",\">0<\/span>\n\t\t\t\t<span class=\"elementor-counter-number-suffix\"><\/span>\n\t\t\t<\/div>\n\t\t<\/div>\n\t\t\t\t\t\t<\/div>\n\t\t\t\t<\/div>\n\t\t\t\t<\/div>\n\t\t<div class=\"elementor-element elementor-element-8e19c90 e-con-full e-flex e-con e-child\" data-id=\"8e19c90\" data-element_type=\"container\" data-e-type=\"container\">\n\t\t<div class=\"elementor-element elementor-element-edb2ea6 e-flex e-con-boxed e-con e-child\" data-id=\"edb2ea6\" data-element_type=\"container\" data-e-type=\"container\">\n\t\t\t\t\t<div class=\"e-con-inner\">\n\t\t\t\t<div class=\"elementor-element elementor-element-08826bc elementor-widget elementor-widget-image\" data-id=\"08826bc\" data-element_type=\"widget\" data-e-type=\"widget\" data-widget_type=\"image.default\">\n\t\t\t\t<div class=\"elementor-widget-container\">\n\t\t\t\t\t\t\t\t\t\t\t\t\t\t\t<img decoding=\"async\" width=\"720\" height=\"481\" src=\"https:\/\/schwarzwaldverein-bonndorf.de\/wp-content\/uploads\/2024\/03\/MSW8055.jpg\" class=\"attachment-large size-large wp-image-374\" alt=\"\" srcset=\"https:\/\/schwarzwaldverein-bonndorf.de\/wp-content\/uploads\/2024\/03\/MSW8055.jpg 2000w, https:\/\/schwarzwaldverein-bonndorf.de\/wp-content\/uploads\/2024\/03\/MSW8055-300x200.jpg 300w, https:\/\/schwarzwaldverein-bonndorf.de\/wp-content\/uploads\/2024\/03\/MSW8055-768x513.jpg 768w, https:\/\/schwarzwaldverein-bonndorf.de\/wp-content\/uploads\/2024\/03\/MSW8055-1536x1025.jpg 1536w, https:\/\/schwarzwaldverein-bonndorf.de\/wp-content\/uploads\/2024\/03\/MSW8055-272x182.jpg 272w\" sizes=\"(max-width: 720px) 100vw, 720px\" \/>\t\t\t\t\t\t\t\t\t\t\t\t\t\t\t<\/div>\n\t\t\t\t<\/div>\n\t\t\t\t\t<\/div>\n\t\t\t\t<\/div>\n\t\t<div class=\"elementor-element elementor-element-4099be4 e-flex e-con-boxed e-con e-child\" data-id=\"4099be4\" data-element_type=\"container\" data-e-type=\"container\">\n\t\t\t\t\t<div class=\"e-con-inner\">\n\t\t\t\t<div class=\"elementor-element elementor-element-6998cd2 elementor-widget elementor-widget-image\" data-id=\"6998cd2\" data-element_type=\"widget\" data-e-type=\"widget\" data-widget_type=\"image.default\">\n\t\t\t\t<div class=\"elementor-widget-container\">\n\t\t\t\t\t\t\t\t\t\t\t\t\t\t\t<img loading=\"lazy\" decoding=\"async\" width=\"720\" height=\"405\" src=\"https:\/\/schwarzwaldverein-bonndorf.de\/wp-content\/uploads\/2024\/03\/PD_0_File_002.jpg\" class=\"attachment-large size-large wp-image-371\" alt=\"\" srcset=\"https:\/\/schwarzwaldverein-bonndorf.de\/wp-content\/uploads\/2024\/03\/PD_0_File_002.jpg 2000w, https:\/\/schwarzwaldverein-bonndorf.de\/wp-content\/uploads\/2024\/03\/PD_0_File_002-300x169.jpg 300w, https:\/\/schwarzwaldverein-bonndorf.de\/wp-content\/uploads\/2024\/03\/PD_0_File_002-768x432.jpg 768w, https:\/\/schwarzwaldverein-bonndorf.de\/wp-content\/uploads\/2024\/03\/PD_0_File_002-1536x864.jpg 1536w\" sizes=\"(max-width: 720px) 100vw, 720px\" \/>\t\t\t\t\t\t\t\t\t\t\t\t\t\t\t<\/div>\n\t\t\t\t<\/div>\n\t\t\t\t\t<\/div>\n\t\t\t\t<\/div>\n\t\t\t\t<div class=\"elementor-element elementor-element-0535d7d elementor-widget elementor-widget-counter\" data-id=\"0535d7d\" data-element_type=\"widget\" data-e-type=\"widget\" data-widget_type=\"counter.default\">\n\t\t\t\t<div class=\"elementor-widget-container\">\n\t\t\t\t\t\t\t<div class=\"elementor-counter\">\n\t\t\t<div class=\"elementor-counter-title\">Wanderheime mit g\u00fcnstigen \u00dcbernachtungsm\u00f6glichkeiten<\/div>\t\t\t<div class=\"elementor-counter-number-wrapper\">\n\t\t\t\t<span class=\"elementor-counter-number-prefix\"><\/span>\n\t\t\t\t<span class=\"elementor-counter-number\" data-duration=\"2000\" data-to-value=\"26\" data-from-value=\"0\" data-delimiter=\",\">0<\/span>\n\t\t\t\t<span class=\"elementor-counter-number-suffix\"><\/span>\n\t\t\t<\/div>\n\t\t<\/div>\n\t\t\t\t\t\t<\/div>\n\t\t\t\t<\/div>\n\t\t\t\t<\/div>\n\t\t\t\t\t<\/div>\n\t\t\t\t<\/div>\n\t\t<div class=\"elementor-element elementor-element-c08ba8f e-flex e-con-boxed e-con e-parent\" data-id=\"c08ba8f\" data-element_type=\"container\" data-e-type=\"container\">\n\t\t\t\t\t<div class=\"e-con-inner\">\n\t\t<div class=\"elementor-element elementor-element-9f185f9 e-con-full e-flex e-con e-child\" data-id=\"9f185f9\" data-element_type=\"container\" data-e-type=\"container\">\n\t\t\t\t<div class=\"elementor-element elementor-element-d2980b1 elementor-widget elementor-widget-image\" data-id=\"d2980b1\" data-element_type=\"widget\" data-e-type=\"widget\" data-widget_type=\"image.default\">\n\t\t\t\t<div class=\"elementor-widget-container\">\n\t\t\t\t\t\t\t\t\t\t\t\t\t\t\t<img loading=\"lazy\" decoding=\"async\" width=\"251\" height=\"334\" src=\"https:\/\/schwarzwaldverein-bonndorf.de\/wp-content\/uploads\/2024\/05\/Flyer-Cover_Wutach-Gauchachschlucht.png\" class=\"attachment-large size-large wp-image-484\" alt=\"\" srcset=\"https:\/\/schwarzwaldverein-bonndorf.de\/wp-content\/uploads\/2024\/05\/Flyer-Cover_Wutach-Gauchachschlucht.png 251w, https:\/\/schwarzwaldverein-bonndorf.de\/wp-content\/uploads\/2024\/05\/Flyer-Cover_Wutach-Gauchachschlucht-225x300.png 225w\" sizes=\"(max-width: 251px) 100vw, 251px\" \/>\t\t\t\t\t\t\t\t\t\t\t\t\t\t\t<\/div>\n\t\t\t\t<\/div>\n\t\t\t\t<\/div>\n\t\t<div class=\"elementor-element elementor-element-1c920e8 e-con-full e-flex e-con e-child\" data-id=\"1c920e8\" data-element_type=\"container\" data-e-type=\"container\">\n\t\t\t\t<div class=\"elementor-element elementor-element-72f16b5 elementor-widget elementor-widget-heading\" data-id=\"72f16b5\" data-element_type=\"widget\" data-e-type=\"widget\" data-widget_type=\"heading.default\">\n\t\t\t\t<div class=\"elementor-widget-container\">\n\t\t\t\t\t<h2 class=\"elementor-heading-title elementor-size-default\">Wanderbus<\/h2>\t\t\t\t<\/div>\n\t\t\t\t<\/div>\n\t\t\t\t<div class=\"elementor-element elementor-element-11a8ae3 elementor-widget elementor-widget-text-editor\" data-id=\"11a8ae3\" data-element_type=\"widget\" data-e-type=\"widget\" data-widget_type=\"text-editor.default\">\n\t\t\t\t<div class=\"elementor-widget-container\">\n\t\t\t\t\t\t\t\t\t<p><span style=\"font-family: Roboto, sans-serif; font-size: 15px; font-style: normal; font-weight: 400; text-align: center; white-space-collapse: preserve;\">Der Wanderbus Wutach- und Gauchachschlucht bringt Wanderer am Wochenende g\u00fcnstig und umweltfreundlich in landschaftlich einmalige Regionen im S\u00fcdschwarzwald.<\/span><br><\/p>\t\t\t\t\t\t\t\t<\/div>\n\t\t\t\t<\/div>\n\t\t\t\t<div class=\"elementor-element elementor-element-263fb88 elementor-widget elementor-widget-button\" data-id=\"263fb88\" data-element_type=\"widget\" data-e-type=\"widget\" data-widget_type=\"button.default\">\n\t\t\t\t<div class=\"elementor-widget-container\">\n\t\t\t\t\t\t\t\t\t<div class=\"elementor-button-wrapper\">\n\t\t\t\t\t<a class=\"elementor-button elementor-button-link elementor-size-sm\" href=\"https:\/\/www.dbregiobus-bawue.de\/angebot\/freizeitbusse\/suedbadenbus\/wanderbus_wutachschlucht\">\n\t\t\t\t\t\t<span class=\"elementor-button-content-wrapper\">\n\t\t\t\t\t\t\t\t\t<span class=\"elementor-button-text\">Zum Fahrplan<\/span>\n\t\t\t\t\t<\/span>\n\t\t\t\t\t<\/a>\n\t\t\t\t<\/div>\n\t\t\t\t\t\t\t\t<\/div>\n\t\t\t\t<\/div>\n\t\t\t\t<\/div>\n\t\t\t\t\t<\/div>\n\t\t\t\t<\/div>\n\t\t\t\t<\/div>\n\t\t","protected":false},"excerpt":{"rendered":"<p>Details zu den Wanderungen finden Sie auf unserem -&gt; Wanderplan Geschichte des Schwarzwaldvereins Der Schwarzwaldverein wurde1864 in Freiburg von 7 [&hellip;]<\/p>\n","protected":false},"author":1,"featured_media":0,"parent":0,"menu_order":0,"comment_status":"closed","ping_status":"closed","template":"","meta":{"footnotes":""},"class_list":["post-496","page","type-page","status-publish","hentry","post"],"_links":{"self":[{"href":"https:\/\/schwarzwaldverein-bonndorf.de\/index.php?rest_route=\/wp\/v2\/pages\/496","targetHints":{"allow":["GET"]}}],"collection":[{"href":"https:\/\/schwarzwaldverein-bonndorf.de\/index.php?rest_route=\/wp\/v2\/pages"}],"about":[{"href":"https:\/\/schwarzwaldverein-bonndorf.de\/index.php?rest_route=\/wp\/v2\/types\/page"}],"author":[{"embeddable":true,"href":"https:\/\/schwarzwaldverein-bonndorf.de\/index.php?rest_route=\/wp\/v2\/users\/1"}],"replies":[{"embeddable":true,"href":"https:\/\/schwarzwaldverein-bonndorf.de\/index.php?rest_route=%2Fwp%2Fv2%2Fcomments&post=496"}],"version-history":[{"count":69,"href":"https:\/\/schwarzwaldverein-bonndorf.de\/index.php?rest_route=\/wp\/v2\/pages\/496\/revisions"}],"predecessor-version":[{"id":837,"href":"https:\/\/schwarzwaldverein-bonndorf.de\/index.php?rest_route=\/wp\/v2\/pages\/496\/revisions\/837"}],"wp:attachment":[{"href":"https:\/\/schwarzwaldverein-bonndorf.de\/index.php?rest_route=%2Fwp%2Fv2%2Fmedia&parent=496"}],"curies":[{"name":"wp","href":"https:\/\/api.w.org\/{rel}","templated":true}]}}