{"id":566,"date":"2024-07-04T18:52:35","date_gmt":"2024-07-04T16:52:35","guid":{"rendered":"https:\/\/schwarzwaldverein-bonndorf.de\/?page_id=566"},"modified":"2026-03-17T20:06:11","modified_gmt":"2026-03-17T19:06:11","slug":"familie_2","status":"publish","type":"page","link":"https:\/\/schwarzwaldverein-bonndorf.de\/?page_id=566","title":{"rendered":"Familie"},"content":{"rendered":"\t\t<div data-elementor-type=\"wp-page\" data-elementor-id=\"566\" class=\"elementor elementor-566\">\n\t\t\t\t<div class=\"elementor-element elementor-element-77d45a3 e-flex e-con-boxed e-con e-parent\" data-id=\"77d45a3\" data-element_type=\"container\" data-e-type=\"container\">\n\t\t\t\t\t<div class=\"e-con-inner\">\n\t\t\t\t<div class=\"elementor-element elementor-element-fa77f5c elementor-widget elementor-widget-image\" data-id=\"fa77f5c\" data-element_type=\"widget\" data-e-type=\"widget\" data-widget_type=\"image.default\">\n\t\t\t\t<div class=\"elementor-widget-container\">\n\t\t\t\t\t\t\t\t\t\t\t\t\t\t\t<img decoding=\"async\" width=\"261\" height=\"77\" src=\"https:\/\/schwarzwaldverein-bonndorf.de\/wp-content\/uploads\/2024\/03\/23050.jpg\" class=\"attachment-large size-large wp-image-256\" alt=\"\" \/>\t\t\t\t\t\t\t\t\t\t\t\t\t\t\t<\/div>\n\t\t\t\t<\/div>\n\t\t\t\t<div class=\"elementor-element elementor-element-9038141 elementor-widget elementor-widget-text-editor\" data-id=\"9038141\" data-element_type=\"widget\" data-e-type=\"widget\" data-widget_type=\"text-editor.default\">\n\t\t\t\t<div class=\"elementor-widget-container\">\n\t\t\t\t\t\t\t\t\t<p>Mit Kindern zu wandern, die Heimat zu entdecken und die Natur zu erforschen, liegt wieder im Trend. Familien treffen sich in den Ortsgruppen des Schwarzwaldvereins und machen gemeinsam ihr Programm. Manche als feste Familiengruppe, andere im lockeren Zusammenschluss. Gemeinsam sind ihnen ihre Interessen: familiengerechte Strecken, kinderwagengerechte Wege, kosteng\u00fcnstige Verpflegung M\u00f6glichkeiten, Spiel und Spa\u00df f\u00fcr die Kleinen und die Gro\u00dfen und vor allem gleichgesinnte Mitwanderer. Wenn sie wandern, sind Kinderwagen und Dreirad meistens dabei. Gemeinsame Spiele und Entdeckungen in der Natur sind ihnen wichtiger als der Stolz auf lange Wander-Etappen: die Familien im Schwarzwaldverein sind unterwegs!<\/p>\t\t\t\t\t\t\t\t<\/div>\n\t\t\t\t<\/div>\n\t\t\t\t\t<\/div>\n\t\t\t\t<\/div>\n\t\t<div class=\"elementor-element elementor-element-b0e3618 e-flex e-con-boxed e-con e-parent\" data-id=\"b0e3618\" data-element_type=\"container\" data-e-type=\"container\">\n\t\t\t\t\t<div class=\"e-con-inner\">\n\t\t\t\t<div class=\"elementor-element elementor-element-18a3056 elementor-widget__width-initial elementor-widget elementor-widget-text-editor\" data-id=\"18a3056\" data-element_type=\"widget\" data-e-type=\"widget\" data-widget_type=\"text-editor.default\">\n\t\t\t\t<div class=\"elementor-widget-container\">\n\t\t\t\t\t\t\t\t\t<p><strong>Unser Ansprechpartner f\u00fcr Familien in der OG Bonndorf ist Corinna Filia<\/strong><\/p><ul><li>Tel. 07703\/919089<\/li><li>corinnafilia@web.de<\/li><\/ul>\t\t\t\t\t\t\t\t<\/div>\n\t\t\t\t<\/div>\n\t\t\t\t\t<\/div>\n\t\t\t\t<\/div>\n\t\t<div class=\"elementor-element elementor-element-e25771e e-flex e-con-boxed e-con e-parent\" data-id=\"e25771e\" data-element_type=\"container\" data-e-type=\"container\">\n\t\t\t\t\t<div class=\"e-con-inner\">\n\t\t\t\t<div class=\"elementor-element elementor-element-921f502 gallery-spacing-custom elementor-widget elementor-widget-image-gallery\" data-id=\"921f502\" data-element_type=\"widget\" data-e-type=\"widget\" data-widget_type=\"image-gallery.default\">\n\t\t\t\t<div class=\"elementor-widget-container\">\n\t\t\t\t\t\t\t<div class=\"elementor-image-gallery\">\n\t\t\t\n\t\t<style type=\"text\/css\">\n\t\t\t#gallery-1 {\n\t\t\t\tmargin: auto;\n\t\t\t}\n\t\t\t#gallery-1 .gallery-item {\n\t\t\t\tfloat: left;\n\t\t\t\tmargin-top: 10px;\n\t\t\t\ttext-align: center;\n\t\t\t\twidth: 33%;\n\t\t\t}\n\t\t\t#gallery-1 img {\n\t\t\t\tborder: 2px solid #cfcfcf;\n\t\t\t}\n\t\t\t#gallery-1 .gallery-caption {\n\t\t\t\tmargin-left: 0;\n\t\t\t}\n\t\t\t\/* see gallery_shortcode() in wp-includes\/media.php *\/\n\t\t<\/style>\n\t\t<div id='gallery-1' class='gallery galleryid-566 gallery-columns-3 gallery-size-large'><dl class='gallery-item'>\n\t\t\t<dt class='gallery-icon landscape'>\n\t\t\t\t<a data-elementor-open-lightbox=\"yes\" data-elementor-lightbox-slideshow=\"921f502\" data-elementor-lightbox-title=\"wererrew\" data-e-action-hash=\"#elementor-action%3Aaction%3Dlightbox%26settings%3DeyJpZCI6NjU1LCJ1cmwiOiJodHRwczpcL1wvc2Nod2FyendhbGR2ZXJlaW4tYm9ubmRvcmYuZGVcL3dwLWNvbnRlbnRcL3VwbG9hZHNcLzIwMjRcLzA5XC93ZXJlcnJldy5qcGVnIiwic2xpZGVzaG93IjoiOTIxZjUwMiJ9\" href='https:\/\/schwarzwaldverein-bonndorf.de\/wp-content\/uploads\/2024\/09\/wererrew.jpeg'><img fetchpriority=\"high\" decoding=\"async\" width=\"720\" height=\"540\" src=\"https:\/\/schwarzwaldverein-bonndorf.de\/wp-content\/uploads\/2024\/09\/wererrew.jpeg\" class=\"attachment-large size-large\" alt=\"\" srcset=\"https:\/\/schwarzwaldverein-bonndorf.de\/wp-content\/uploads\/2024\/09\/wererrew.jpeg 2048w, https:\/\/schwarzwaldverein-bonndorf.de\/wp-content\/uploads\/2024\/09\/wererrew-300x225.jpeg 300w, https:\/\/schwarzwaldverein-bonndorf.de\/wp-content\/uploads\/2024\/09\/wererrew-768x576.jpeg 768w, https:\/\/schwarzwaldverein-bonndorf.de\/wp-content\/uploads\/2024\/09\/wererrew-1536x1152.jpeg 1536w\" sizes=\"(max-width: 720px) 100vw, 720px\" \/><\/a>\n\t\t\t<\/dt><\/dl><dl class='gallery-item'>\n\t\t\t<dt class='gallery-icon landscape'>\n\t\t\t\t<a data-elementor-open-lightbox=\"yes\" data-elementor-lightbox-slideshow=\"921f502\" data-elementor-lightbox-title=\"WhatsApp Image 2024-10-01 at 22.37.55(1)\" data-e-action-hash=\"#elementor-action%3Aaction%3Dlightbox%26settings%3DeyJpZCI6Njc0LCJ1cmwiOiJodHRwczpcL1wvc2Nod2FyendhbGR2ZXJlaW4tYm9ubmRvcmYuZGVcL3dwLWNvbnRlbnRcL3VwbG9hZHNcLzIwMjRcLzEwXC9XaGF0c0FwcC1JbWFnZS0yMDI0LTEwLTAxLWF0LTIyLjM3LjU1MS5qcGVnIiwic2xpZGVzaG93IjoiOTIxZjUwMiJ9\" href='https:\/\/schwarzwaldverein-bonndorf.de\/wp-content\/uploads\/2024\/10\/WhatsApp-Image-2024-10-01-at-22.37.551.jpeg'><img decoding=\"async\" width=\"720\" height=\"540\" src=\"https:\/\/schwarzwaldverein-bonndorf.de\/wp-content\/uploads\/2024\/10\/WhatsApp-Image-2024-10-01-at-22.37.551.jpeg\" class=\"attachment-large size-large\" alt=\"\" srcset=\"https:\/\/schwarzwaldverein-bonndorf.de\/wp-content\/uploads\/2024\/10\/WhatsApp-Image-2024-10-01-at-22.37.551.jpeg 1600w, https:\/\/schwarzwaldverein-bonndorf.de\/wp-content\/uploads\/2024\/10\/WhatsApp-Image-2024-10-01-at-22.37.551-300x225.jpeg 300w, https:\/\/schwarzwaldverein-bonndorf.de\/wp-content\/uploads\/2024\/10\/WhatsApp-Image-2024-10-01-at-22.37.551-768x576.jpeg 768w, https:\/\/schwarzwaldverein-bonndorf.de\/wp-content\/uploads\/2024\/10\/WhatsApp-Image-2024-10-01-at-22.37.551-1536x1152.jpeg 1536w\" sizes=\"(max-width: 720px) 100vw, 720px\" \/><\/a>\n\t\t\t<\/dt><\/dl><dl class='gallery-item'>\n\t\t\t<dt class='gallery-icon landscape'>\n\t\t\t\t<a data-elementor-open-lightbox=\"yes\" data-elementor-lightbox-slideshow=\"921f502\" data-elementor-lightbox-title=\"IMG_0014\" data-e-action-hash=\"#elementor-action%3Aaction%3Dlightbox%26settings%3DeyJpZCI6MzkzLCJ1cmwiOiJodHRwczpcL1wvc2Nod2FyendhbGR2ZXJlaW4tYm9ubmRvcmYuZGVcL3dwLWNvbnRlbnRcL3VwbG9hZHNcLzIwMjRcLzA0XC9JTUdfMDAxNC1zY2FsZWQuanBnIiwic2xpZGVzaG93IjoiOTIxZjUwMiJ9\" href='https:\/\/schwarzwaldverein-bonndorf.de\/wp-content\/uploads\/2024\/04\/IMG_0014-scaled.jpg'><img loading=\"lazy\" decoding=\"async\" width=\"720\" height=\"540\" src=\"https:\/\/schwarzwaldverein-bonndorf.de\/wp-content\/uploads\/2024\/04\/IMG_0014-3500x2625.jpg\" class=\"attachment-large size-large\" alt=\"\" srcset=\"https:\/\/schwarzwaldverein-bonndorf.de\/wp-content\/uploads\/2024\/04\/IMG_0014-3500x2625.jpg 3500w, https:\/\/schwarzwaldverein-bonndorf.de\/wp-content\/uploads\/2024\/04\/IMG_0014-300x225.jpg 300w, https:\/\/schwarzwaldverein-bonndorf.de\/wp-content\/uploads\/2024\/04\/IMG_0014-768x576.jpg 768w, https:\/\/schwarzwaldverein-bonndorf.de\/wp-content\/uploads\/2024\/04\/IMG_0014-1536x1152.jpg 1536w, https:\/\/schwarzwaldverein-bonndorf.de\/wp-content\/uploads\/2024\/04\/IMG_0014-2048x1536.jpg 2048w\" sizes=\"(max-width: 720px) 100vw, 720px\" \/><\/a>\n\t\t\t<\/dt><\/dl><br style=\"clear: both\" \/><dl class='gallery-item'>\n\t\t\t<dt class='gallery-icon landscape'>\n\t\t\t\t<a data-elementor-open-lightbox=\"yes\" data-elementor-lightbox-slideshow=\"921f502\" data-elementor-lightbox-title=\"WhatsApp Image 2024-03-26 at 21.47.39\" data-e-action-hash=\"#elementor-action%3Aaction%3Dlightbox%26settings%3DeyJpZCI6NDA5LCJ1cmwiOiJodHRwczpcL1wvc2Nod2FyendhbGR2ZXJlaW4tYm9ubmRvcmYuZGVcL3dwLWNvbnRlbnRcL3VwbG9hZHNcLzIwMjRcLzA0XC9XaGF0c0FwcC1JbWFnZS0yMDI0LTAzLTI2LWF0LTIxLjQ3LjM5LmpwZWciLCJzbGlkZXNob3ciOiI5MjFmNTAyIn0%3D\" href='https:\/\/schwarzwaldverein-bonndorf.de\/wp-content\/uploads\/2024\/04\/WhatsApp-Image-2024-03-26-at-21.47.39.jpeg'><img loading=\"lazy\" decoding=\"async\" width=\"720\" height=\"540\" src=\"https:\/\/schwarzwaldverein-bonndorf.de\/wp-content\/uploads\/2024\/04\/WhatsApp-Image-2024-03-26-at-21.47.39.jpeg\" class=\"attachment-large size-large\" alt=\"\" srcset=\"https:\/\/schwarzwaldverein-bonndorf.de\/wp-content\/uploads\/2024\/04\/WhatsApp-Image-2024-03-26-at-21.47.39.jpeg 2048w, https:\/\/schwarzwaldverein-bonndorf.de\/wp-content\/uploads\/2024\/04\/WhatsApp-Image-2024-03-26-at-21.47.39-300x225.jpeg 300w, https:\/\/schwarzwaldverein-bonndorf.de\/wp-content\/uploads\/2024\/04\/WhatsApp-Image-2024-03-26-at-21.47.39-768x576.jpeg 768w, https:\/\/schwarzwaldverein-bonndorf.de\/wp-content\/uploads\/2024\/04\/WhatsApp-Image-2024-03-26-at-21.47.39-1536x1152.jpeg 1536w\" sizes=\"(max-width: 720px) 100vw, 720px\" \/><\/a>\n\t\t\t<\/dt><\/dl><dl class='gallery-item'>\n\t\t\t<dt class='gallery-icon landscape'>\n\t\t\t\t<a data-elementor-open-lightbox=\"yes\" data-elementor-lightbox-slideshow=\"921f502\" data-elementor-lightbox-title=\"WhatsApp Image 2024-10-01 at 22.37.59\" data-e-action-hash=\"#elementor-action%3Aaction%3Dlightbox%26settings%3DeyJpZCI6NjY4LCJ1cmwiOiJodHRwczpcL1wvc2Nod2FyendhbGR2ZXJlaW4tYm9ubmRvcmYuZGVcL3dwLWNvbnRlbnRcL3VwbG9hZHNcLzIwMjRcLzEwXC9XaGF0c0FwcC1JbWFnZS0yMDI0LTEwLTAxLWF0LTIyLjM3LjU5LmpwZWciLCJzbGlkZXNob3ciOiI5MjFmNTAyIn0%3D\" href='https:\/\/schwarzwaldverein-bonndorf.de\/wp-content\/uploads\/2024\/10\/WhatsApp-Image-2024-10-01-at-22.37.59.jpeg'><img loading=\"lazy\" decoding=\"async\" width=\"720\" height=\"540\" src=\"https:\/\/schwarzwaldverein-bonndorf.de\/wp-content\/uploads\/2024\/10\/WhatsApp-Image-2024-10-01-at-22.37.59.jpeg\" class=\"attachment-large size-large\" alt=\"\" srcset=\"https:\/\/schwarzwaldverein-bonndorf.de\/wp-content\/uploads\/2024\/10\/WhatsApp-Image-2024-10-01-at-22.37.59.jpeg 2048w, https:\/\/schwarzwaldverein-bonndorf.de\/wp-content\/uploads\/2024\/10\/WhatsApp-Image-2024-10-01-at-22.37.59-300x225.jpeg 300w, https:\/\/schwarzwaldverein-bonndorf.de\/wp-content\/uploads\/2024\/10\/WhatsApp-Image-2024-10-01-at-22.37.59-768x576.jpeg 768w, https:\/\/schwarzwaldverein-bonndorf.de\/wp-content\/uploads\/2024\/10\/WhatsApp-Image-2024-10-01-at-22.37.59-1536x1152.jpeg 1536w\" sizes=\"(max-width: 720px) 100vw, 720px\" \/><\/a>\n\t\t\t<\/dt><\/dl><dl class='gallery-item'>\n\t\t\t<dt class='gallery-icon landscape'>\n\t\t\t\t<a data-elementor-open-lightbox=\"yes\" data-elementor-lightbox-slideshow=\"921f502\" data-elementor-lightbox-title=\"PHOTO-2023-10-02-00-17-21\" data-e-action-hash=\"#elementor-action%3Aaction%3Dlightbox%26settings%3DeyJpZCI6Mzk1LCJ1cmwiOiJodHRwczpcL1wvc2Nod2FyendhbGR2ZXJlaW4tYm9ubmRvcmYuZGVcL3dwLWNvbnRlbnRcL3VwbG9hZHNcLzIwMjRcLzA0XC9QSE9UTy0yMDIzLTEwLTAyLTAwLTE3LTIxLmpwZyIsInNsaWRlc2hvdyI6IjkyMWY1MDIifQ%3D%3D\" href='https:\/\/schwarzwaldverein-bonndorf.de\/wp-content\/uploads\/2024\/04\/PHOTO-2023-10-02-00-17-21.jpg'><img loading=\"lazy\" decoding=\"async\" width=\"720\" height=\"540\" src=\"https:\/\/schwarzwaldverein-bonndorf.de\/wp-content\/uploads\/2024\/04\/PHOTO-2023-10-02-00-17-21.jpg\" class=\"attachment-large size-large\" alt=\"\" srcset=\"https:\/\/schwarzwaldverein-bonndorf.de\/wp-content\/uploads\/2024\/04\/PHOTO-2023-10-02-00-17-21.jpg 2048w, https:\/\/schwarzwaldverein-bonndorf.de\/wp-content\/uploads\/2024\/04\/PHOTO-2023-10-02-00-17-21-300x225.jpg 300w, https:\/\/schwarzwaldverein-bonndorf.de\/wp-content\/uploads\/2024\/04\/PHOTO-2023-10-02-00-17-21-768x576.jpg 768w, https:\/\/schwarzwaldverein-bonndorf.de\/wp-content\/uploads\/2024\/04\/PHOTO-2023-10-02-00-17-21-1536x1152.jpg 1536w\" sizes=\"(max-width: 720px) 100vw, 720px\" \/><\/a>\n\t\t\t<\/dt><\/dl><br style=\"clear: both\" \/><dl class='gallery-item'>\n\t\t\t<dt class='gallery-icon landscape'>\n\t\t\t\t<a data-elementor-open-lightbox=\"yes\" data-elementor-lightbox-slideshow=\"921f502\" data-elementor-lightbox-title=\"WhatsApp Image 2024-10-01 at 22.37.56(1)\" data-e-action-hash=\"#elementor-action%3Aaction%3Dlightbox%26settings%3DeyJpZCI6NjcyLCJ1cmwiOiJodHRwczpcL1wvc2Nod2FyendhbGR2ZXJlaW4tYm9ubmRvcmYuZGVcL3dwLWNvbnRlbnRcL3VwbG9hZHNcLzIwMjRcLzEwXC9XaGF0c0FwcC1JbWFnZS0yMDI0LTEwLTAxLWF0LTIyLjM3LjU2MS5qcGVnIiwic2xpZGVzaG93IjoiOTIxZjUwMiJ9\" href='https:\/\/schwarzwaldverein-bonndorf.de\/wp-content\/uploads\/2024\/10\/WhatsApp-Image-2024-10-01-at-22.37.561.jpeg'><img loading=\"lazy\" decoding=\"async\" width=\"720\" height=\"540\" src=\"https:\/\/schwarzwaldverein-bonndorf.de\/wp-content\/uploads\/2024\/10\/WhatsApp-Image-2024-10-01-at-22.37.561.jpeg\" class=\"attachment-large size-large\" alt=\"\" srcset=\"https:\/\/schwarzwaldverein-bonndorf.de\/wp-content\/uploads\/2024\/10\/WhatsApp-Image-2024-10-01-at-22.37.561.jpeg 1600w, https:\/\/schwarzwaldverein-bonndorf.de\/wp-content\/uploads\/2024\/10\/WhatsApp-Image-2024-10-01-at-22.37.561-300x225.jpeg 300w, https:\/\/schwarzwaldverein-bonndorf.de\/wp-content\/uploads\/2024\/10\/WhatsApp-Image-2024-10-01-at-22.37.561-768x576.jpeg 768w, https:\/\/schwarzwaldverein-bonndorf.de\/wp-content\/uploads\/2024\/10\/WhatsApp-Image-2024-10-01-at-22.37.561-1536x1152.jpeg 1536w\" sizes=\"(max-width: 720px) 100vw, 720px\" \/><\/a>\n\t\t\t<\/dt><\/dl><dl class='gallery-item'>\n\t\t\t<dt class='gallery-icon landscape'>\n\t\t\t\t<a data-elementor-open-lightbox=\"yes\" data-elementor-lightbox-slideshow=\"921f502\" data-elementor-lightbox-title=\"IMG_2520\" data-e-action-hash=\"#elementor-action%3Aaction%3Dlightbox%26settings%3DeyJpZCI6NDY2LCJ1cmwiOiJodHRwczpcL1wvc2Nod2FyendhbGR2ZXJlaW4tYm9ubmRvcmYuZGVcL3dwLWNvbnRlbnRcL3VwbG9hZHNcLzIwMjRcLzA1XC9JTUdfMjUyMC1zY2FsZWQuanBnIiwic2xpZGVzaG93IjoiOTIxZjUwMiJ9\" href='https:\/\/schwarzwaldverein-bonndorf.de\/wp-content\/uploads\/2024\/05\/IMG_2520-scaled.jpg'><img loading=\"lazy\" decoding=\"async\" width=\"720\" height=\"540\" src=\"https:\/\/schwarzwaldverein-bonndorf.de\/wp-content\/uploads\/2024\/05\/IMG_2520-3500x2625.jpg\" class=\"attachment-large size-large\" alt=\"\" srcset=\"https:\/\/schwarzwaldverein-bonndorf.de\/wp-content\/uploads\/2024\/05\/IMG_2520-3500x2625.jpg 3500w, https:\/\/schwarzwaldverein-bonndorf.de\/wp-content\/uploads\/2024\/05\/IMG_2520-300x225.jpg 300w, https:\/\/schwarzwaldverein-bonndorf.de\/wp-content\/uploads\/2024\/05\/IMG_2520-768x576.jpg 768w, https:\/\/schwarzwaldverein-bonndorf.de\/wp-content\/uploads\/2024\/05\/IMG_2520-1536x1152.jpg 1536w, https:\/\/schwarzwaldverein-bonndorf.de\/wp-content\/uploads\/2024\/05\/IMG_2520-2048x1536.jpg 2048w\" sizes=\"(max-width: 720px) 100vw, 720px\" \/><\/a>\n\t\t\t<\/dt><\/dl><dl class='gallery-item'>\n\t\t\t<dt class='gallery-icon landscape'>\n\t\t\t\t<a data-elementor-open-lightbox=\"yes\" data-elementor-lightbox-slideshow=\"921f502\" data-elementor-lightbox-title=\"DSC_1042\" data-e-action-hash=\"#elementor-action%3Aaction%3Dlightbox%26settings%3DeyJpZCI6MzY3LCJ1cmwiOiJodHRwczpcL1wvc2Nod2FyendhbGR2ZXJlaW4tYm9ubmRvcmYuZGVcL3dwLWNvbnRlbnRcL3VwbG9hZHNcLzIwMjRcLzAzXC9EU0NfMTA0Mi5qcGciLCJzbGlkZXNob3ciOiI5MjFmNTAyIn0%3D\" href='https:\/\/schwarzwaldverein-bonndorf.de\/wp-content\/uploads\/2024\/03\/DSC_1042.jpg'><img loading=\"lazy\" decoding=\"async\" width=\"720\" height=\"479\" src=\"https:\/\/schwarzwaldverein-bonndorf.de\/wp-content\/uploads\/2024\/03\/DSC_1042.jpg\" class=\"attachment-large size-large\" alt=\"\" srcset=\"https:\/\/schwarzwaldverein-bonndorf.de\/wp-content\/uploads\/2024\/03\/DSC_1042.jpg 2000w, https:\/\/schwarzwaldverein-bonndorf.de\/wp-content\/uploads\/2024\/03\/DSC_1042-300x200.jpg 300w, https:\/\/schwarzwaldverein-bonndorf.de\/wp-content\/uploads\/2024\/03\/DSC_1042-768x511.jpg 768w, https:\/\/schwarzwaldverein-bonndorf.de\/wp-content\/uploads\/2024\/03\/DSC_1042-1536x1022.jpg 1536w, https:\/\/schwarzwaldverein-bonndorf.de\/wp-content\/uploads\/2024\/03\/DSC_1042-272x182.jpg 272w\" sizes=\"(max-width: 720px) 100vw, 720px\" \/><\/a>\n\t\t\t<\/dt><\/dl><br style=\"clear: both\" \/>\n\t\t<\/div>\n\t\t<\/div>\n\t\t\t\t\t\t<\/div>\n\t\t\t\t<\/div>\n\t\t\t\t\t<\/div>\n\t\t\t\t<\/div>\n\t\t\t\t<\/div>\n\t\t","protected":false},"excerpt":{"rendered":"<p>Mit Kindern zu wandern, die Heimat zu entdecken und die Natur zu erforschen, liegt wieder im Trend. Familien treffen sich [&hellip;]<\/p>\n","protected":false},"author":1,"featured_media":0,"parent":247,"menu_order":0,"comment_status":"closed","ping_status":"closed","template":"","meta":{"footnotes":""},"class_list":["post-566","page","type-page","status-publish","hentry","post"],"_links":{"self":[{"href":"https:\/\/schwarzwaldverein-bonndorf.de\/index.php?rest_route=\/wp\/v2\/pages\/566","targetHints":{"allow":["GET"]}}],"collection":[{"href":"https:\/\/schwarzwaldverein-bonndorf.de\/index.php?rest_route=\/wp\/v2\/pages"}],"about":[{"href":"https:\/\/schwarzwaldverein-bonndorf.de\/index.php?rest_route=\/wp\/v2\/types\/page"}],"author":[{"embeddable":true,"href":"https:\/\/schwarzwaldverein-bonndorf.de\/index.php?rest_route=\/wp\/v2\/users\/1"}],"replies":[{"embeddable":true,"href":"https:\/\/schwarzwaldverein-bonndorf.de\/index.php?rest_route=%2Fwp%2Fv2%2Fcomments&post=566"}],"version-history":[{"count":11,"href":"https:\/\/schwarzwaldverein-bonndorf.de\/index.php?rest_route=\/wp\/v2\/pages\/566\/revisions"}],"predecessor-version":[{"id":706,"href":"https:\/\/schwarzwaldverein-bonndorf.de\/index.php?rest_route=\/wp\/v2\/pages\/566\/revisions\/706"}],"up":[{"embeddable":true,"href":"https:\/\/schwarzwaldverein-bonndorf.de\/index.php?rest_route=\/wp\/v2\/pages\/247"}],"wp:attachment":[{"href":"https:\/\/schwarzwaldverein-bonndorf.de\/index.php?rest_route=%2Fwp%2Fv2%2Fmedia&parent=566"}],"curies":[{"name":"wp","href":"https:\/\/api.w.org\/{rel}","templated":true}]}}